{"id":42,"date":"2025-12-07T19:27:31","date_gmt":"2025-12-07T19:27:31","guid":{"rendered":"https:\/\/apartmani-manuela-smokovic-pula.hr\/?page_id=42"},"modified":"2026-01-26T20:22:29","modified_gmt":"2026-01-26T20:22:29","slug":"kontakt-rezervacije","status":"publish","type":"page","link":"https:\/\/apartmani-manuela-smokovic-pula.hr\/index.php\/kontakt-rezervacije\/","title":{"rendered":"Kontakt \/ Rezervacije"},"content":{"rendered":"\n<figure class=\"wp-block-image size-large\"><img loading=\"lazy\" decoding=\"async\" width=\"1024\" height=\"768\" src=\"https:\/\/apartmani-manuela-smokovic-pula.hr\/wp-content\/uploads\/2025\/12\/22-1024x768.jpg\" alt=\"\" class=\"wp-image-25\" srcset=\"https:\/\/apartmani-manuela-smokovic-pula.hr\/wp-content\/uploads\/2025\/12\/22-1024x768.jpg 1024w, https:\/\/apartmani-manuela-smokovic-pula.hr\/wp-content\/uploads\/2025\/12\/22-300x225.jpg 300w, https:\/\/apartmani-manuela-smokovic-pula.hr\/wp-content\/uploads\/2025\/12\/22-768x576.jpg 768w, https:\/\/apartmani-manuela-smokovic-pula.hr\/wp-content\/uploads\/2025\/12\/22-1536x1152.jpg 1536w, https:\/\/apartmani-manuela-smokovic-pula.hr\/wp-content\/uploads\/2025\/12\/22-2048x1536.jpg 2048w\" sizes=\"auto, (max-width: 1024px) 100vw, 1024px\" \/><\/figure>\n\n\n\n<h2 class=\"wp-block-heading has-text-align-center\">Kontakt i rezervacije<\/h2>\n\n\n\n<p class=\"has-text-align-center\">Imate pitanje ili \u017eelite rezervirati smje\u0161taj? Po\u0161aljite upit putem obrasca ili nas kontaktirajte direktno \u2013 odgovaramo u najkra\u0107em roku.<\/p>\n\n\n\n<h2 class=\"wp-block-heading has-text-align-center\">Kontakt podaci<\/h2>\n\n\n\n<p class=\"has-text-align-center\">Telefon \/ WhatsApp \/ Viber: <a href=\"tel:385915044635\">+385 915044635<\/a><\/p>\n\n\n\n<p class=\"has-text-align-center\">Email: smokovicmanuela@gmail.com<\/p>\n\n\n\n<p class=\"has-text-align-center\">Adresa : Paduljski put 43, 52100 Pula, Hrvatska<\/p>\n\n\n\n<p class=\"has-text-align-center\">Vrijeme odgovora: 1 &#8211; 3 sata<\/p>\n\n\n\n<p class=\"has-text-align-center\"><\/p>\n\n\n<div class=\"wp-block-jetpack-contact-form is-layout-flex wp-container-jetpack-contact-form-is-layout-2b4208ba wp-block-jetpack-contact-form-is-layout-flex\"><a href=\"https:\/\/apartmani-manuela-smokovic-pula.hr\/index.php\/kontakt-rezervacije\/\" target=\"_blank\" rel=\"noopener noreferrer\">Submit a form.<\/a><\/div>\n\n\n<h2 class=\"wp-block-heading has-text-align-center\">Podaci za uplatu<\/h2>\n\n\n\n<p class=\"has-text-align-center\">Naziv primatelja : Manuela Smokovi\u0107<\/p>\n\n\n\n<p class=\"has-text-align-center\">IBAN : HR6523400093104134859<\/p>\n\n\n\n<p class=\"has-text-align-center\">Banka : PBZ<\/p>\n\n\n\n<p class=\"has-text-align-center\">Swift\/Bic : <strong>PBZGHR2X<\/strong><\/p>\n\n\n\n<p class=\"has-text-align-center\">Svrha uplate : \u201cRezervacija Apartmani Manuela \u2013 Ime Prezime \u2013 datum dolaska\/odlaska\u201d<\/p>\n\n\n\n<h2 class=\"wp-block-heading has-text-align-center\">Rezervacija i potvrda<\/h2>\n\n\n\n<p class=\"has-text-align-center\"><strong>Uvjeti:<\/strong> Uplata bez potvrde termina ne smatra se prihva\u0107enom rezervacijom. <\/p>\n\n\n\n<p class=\"has-text-align-center\">Rezervacija se mo\u017ee besplatno otkazati do 7 dana od termina dolaska, nakon 7 dana otkazivanje bez povrata<\/p>\n\n\n\n<p class=\"has-text-align-center\">U slu\u010daju ranijeg odlaska, povrat za neiskori\u0161tene no\u0107i <strong>nije obvezan<\/strong><\/p>\n\n\n\n<h2 class=\"wp-block-heading has-text-align-center\">Check-in \/ Check-out<\/h2>\n\n\n\n<p class=\"has-text-align-center\">Check-in: od 14 do 24 sati<\/p>\n\n\n\n<p class=\"has-text-align-center\">Check-out : do 10 sati<\/p>\n\n\n\n<h2 class=\"wp-block-heading has-text-align-center\">Ostali uvjeti<\/h2>\n\n\n\n<p class=\"has-text-align-center\">Molimo goste da \u010duvaju inventar i ostave apartman u urednom stanju.<\/p>\n\n\n\n<p class=\"has-text-align-center\">U slu\u010daju \u0161tete, gost je du\u017ean prijaviti \u0161tetu i nadoknaditi tro\u0161ak prema stvarnoj vrijednosti popravka\/zamjene.<\/p>\n\n\n\n<div class=\"wp-block-columns is-layout-flex wp-container-core-columns-is-layout-28f84493 wp-block-columns-is-layout-flex\">\n<div class=\"wp-block-column is-layout-flow wp-block-column-is-layout-flow\" style=\"flex-basis:100%\">\n<div style=\"height:5px\" aria-hidden=\"true\" class=\"wp-block-spacer\"><\/div>\n<\/div>\n<\/div>\n\n\n\n<p class=\"has-text-align-center\">Vrijeme mira: <strong>22:00 \u2013 08:00<\/strong> (po ku\u0107nom redu i obziru prema susjedima).<\/p>\n\n\n\n<p class=\"has-text-align-center\">Pu\u0161enje u apartmanu nije dozvoljeno.<\/p>\n\n\n\n<p class=\"has-text-align-center\">Ku\u0107ni ljubimci nisu dozvoljeni.<\/p>\n\n\n\n<p><\/p>\n","protected":false},"excerpt":{"rendered":"<p>Kontakt i rezervacije Imate pitanje ili \u017eelite rezervirati smje\u0161taj? Po\u0161aljite upit putem obrasca ili nas kontaktirajte direktno \u2013 odgovaramo u najkra\u0107em roku. Kontakt podaci Telefon \/ WhatsApp \/ Viber: +385 915044635 Email: smokovicmanuela@gmail.com Adresa : Paduljski put 43, 52100 Pula, Hrvatska Vrijeme odgovora: 1 &#8211; 3 sata Podaci za uplatu Naziv primatelja : Manuela Smokovi\u0107 [&hellip;]<\/p>\n","protected":false},"author":1,"featured_media":0,"parent":0,"menu_order":0,"comment_status":"closed","ping_status":"closed","template":"","meta":{"footnotes":""},"class_list":["post-42","page","type-page","status-publish","hentry"],"yoast_head":"<!-- This site is optimized with the Yoast SEO plugin v27.1.1 - https:\/\/yoast.com\/product\/yoast-seo-wordpress\/ -->\n<title>Apartmani Pula - Miran obiteljski smje\u0161taj Kontakt \/ Rezervacije - Apartmani Manuela - Pula<\/title>\n<meta name=\"description\" content=\"Otkrijte na\u0161e apartmane Pula idealne za obitelji s djecom. Mirna lokacija, prostrane terase i ljubazni doma\u0107ini. Provjerite dostupnost\" \/>\n<meta name=\"robots\" content=\"index, follow, max-snippet:-1, max-image-preview:large, max-video-preview:-1\" \/>\n<link rel=\"canonical\" href=\"https:\/\/apartmani-manuela-smokovic-pula.hr\/index.php\/kontakt-rezervacije\/\" \/>\n<meta property=\"og:locale\" content=\"en_US\" \/>\n<meta property=\"og:type\" content=\"article\" \/>\n<meta property=\"og:title\" content=\"Apartmani Pula - Miran obiteljski smje\u0161taj Kontakt \/ Rezervacije - Apartmani Manuela - Pula\" \/>\n<meta property=\"og:description\" content=\"Otkrijte na\u0161e apartmane Pula idealne za obitelji s djecom. Mirna lokacija, prostrane terase i ljubazni doma\u0107ini. Provjerite dostupnost\" \/>\n<meta property=\"og:url\" content=\"https:\/\/apartmani-manuela-smokovic-pula.hr\/index.php\/kontakt-rezervacije\/\" \/>\n<meta property=\"og:site_name\" content=\"Apartmani Manuela - Pula\" \/>\n<meta property=\"article:modified_time\" content=\"2026-01-26T20:22:29+00:00\" \/>\n<meta property=\"og:image\" content=\"https:\/\/apartmani-manuela-smokovic-pula.hr\/wp-content\/uploads\/2025\/12\/22-scaled.jpg\" \/>\n\t<meta property=\"og:image:width\" content=\"2560\" \/>\n\t<meta property=\"og:image:height\" content=\"1920\" \/>\n\t<meta property=\"og:image:type\" content=\"image\/jpeg\" \/>\n<meta name=\"twitter:card\" content=\"summary_large_image\" \/>\n<meta name=\"twitter:label1\" content=\"Est. reading time\" \/>\n\t<meta name=\"twitter:data1\" content=\"1 minute\" \/>\n<script type=\"application\/ld+json\" class=\"yoast-schema-graph\">{\"@context\":\"https:\/\/schema.org\",\"@graph\":[{\"@type\":\"WebPage\",\"@id\":\"https:\/\/apartmani-manuela-smokovic-pula.hr\/index.php\/kontakt-rezervacije\/\",\"url\":\"https:\/\/apartmani-manuela-smokovic-pula.hr\/index.php\/kontakt-rezervacije\/\",\"name\":\"Apartmani Pula - Miran obiteljski smje\u0161taj Kontakt \/ Rezervacije - Apartmani Manuela - Pula\",\"isPartOf\":{\"@id\":\"https:\/\/apartmani-manuela-smokovic-pula.hr\/#website\"},\"primaryImageOfPage\":{\"@id\":\"https:\/\/apartmani-manuela-smokovic-pula.hr\/index.php\/kontakt-rezervacije\/#primaryimage\"},\"image\":{\"@id\":\"https:\/\/apartmani-manuela-smokovic-pula.hr\/index.php\/kontakt-rezervacije\/#primaryimage\"},\"thumbnailUrl\":\"https:\/\/apartmani-manuela-smokovic-pula.hr\/wp-content\/uploads\/2025\/12\/22-1024x768.jpg\",\"datePublished\":\"2025-12-07T19:27:31+00:00\",\"dateModified\":\"2026-01-26T20:22:29+00:00\",\"description\":\"Otkrijte na\u0161e apartmane Pula idealne za obitelji s djecom. Mirna lokacija, prostrane terase i ljubazni doma\u0107ini. Provjerite dostupnost\",\"breadcrumb\":{\"@id\":\"https:\/\/apartmani-manuela-smokovic-pula.hr\/index.php\/kontakt-rezervacije\/#breadcrumb\"},\"inLanguage\":\"en-US\",\"potentialAction\":[{\"@type\":\"ReadAction\",\"target\":[\"https:\/\/apartmani-manuela-smokovic-pula.hr\/index.php\/kontakt-rezervacije\/\"]}]},{\"@type\":\"ImageObject\",\"inLanguage\":\"en-US\",\"@id\":\"https:\/\/apartmani-manuela-smokovic-pula.hr\/index.php\/kontakt-rezervacije\/#primaryimage\",\"url\":\"https:\/\/apartmani-manuela-smokovic-pula.hr\/wp-content\/uploads\/2025\/12\/22-scaled.jpg\",\"contentUrl\":\"https:\/\/apartmani-manuela-smokovic-pula.hr\/wp-content\/uploads\/2025\/12\/22-scaled.jpg\",\"width\":2560,\"height\":1920,\"caption\":\"House with Manuela Apartments Pula, private accommodation in Pula\"},{\"@type\":\"BreadcrumbList\",\"@id\":\"https:\/\/apartmani-manuela-smokovic-pula.hr\/index.php\/kontakt-rezervacije\/#breadcrumb\",\"itemListElement\":[{\"@type\":\"ListItem\",\"position\":1,\"name\":\"Home\",\"item\":\"https:\/\/apartmani-manuela-smokovic-pula.hr\/\"},{\"@type\":\"ListItem\",\"position\":2,\"name\":\"Kontakt \/ Rezervacije\"}]},{\"@type\":\"WebSite\",\"@id\":\"https:\/\/apartmani-manuela-smokovic-pula.hr\/#website\",\"url\":\"https:\/\/apartmani-manuela-smokovic-pula.hr\/\",\"name\":\"Apartmani Manuela - Pula\",\"description\":\"\",\"publisher\":{\"@id\":\"https:\/\/apartmani-manuela-smokovic-pula.hr\/#organization\"},\"potentialAction\":[{\"@type\":\"SearchAction\",\"target\":{\"@type\":\"EntryPoint\",\"urlTemplate\":\"https:\/\/apartmani-manuela-smokovic-pula.hr\/?s={search_term_string}\"},\"query-input\":{\"@type\":\"PropertyValueSpecification\",\"valueRequired\":true,\"valueName\":\"search_term_string\"}}],\"inLanguage\":\"en-US\"},{\"@type\":\"Organization\",\"@id\":\"https:\/\/apartmani-manuela-smokovic-pula.hr\/#organization\",\"name\":\"Apartmani Manuela - Pula\",\"url\":\"https:\/\/apartmani-manuela-smokovic-pula.hr\/\",\"logo\":{\"@type\":\"ImageObject\",\"inLanguage\":\"en-US\",\"@id\":\"https:\/\/apartmani-manuela-smokovic-pula.hr\/#\/schema\/logo\/image\/\",\"url\":\"https:\/\/apartmani-manuela-smokovic-pula.hr\/wp-content\/uploads\/2025\/12\/f2c7d247-62c6-40f7-a541-92e7af8d61c4.png\",\"contentUrl\":\"https:\/\/apartmani-manuela-smokovic-pula.hr\/wp-content\/uploads\/2025\/12\/f2c7d247-62c6-40f7-a541-92e7af8d61c4.png\",\"width\":1024,\"height\":1024,\"caption\":\"Apartmani Manuela - Pula\"},\"image\":{\"@id\":\"https:\/\/apartmani-manuela-smokovic-pula.hr\/#\/schema\/logo\/image\/\"}}]}<\/script>\n<!-- \/ Yoast SEO plugin. -->","yoast_head_json":{"title":"Apartmani Pula - Miran obiteljski smje\u0161taj Kontakt \/ Rezervacije - Apartmani Manuela - Pula","description":"Otkrijte na\u0161e apartmane Pula idealne za obitelji s djecom. Mirna lokacija, prostrane terase i ljubazni doma\u0107ini. Provjerite dostupnost","robots":{"index":"index","follow":"follow","max-snippet":"max-snippet:-1","max-image-preview":"max-image-preview:large","max-video-preview":"max-video-preview:-1"},"canonical":"https:\/\/apartmani-manuela-smokovic-pula.hr\/index.php\/kontakt-rezervacije\/","og_locale":"en_US","og_type":"article","og_title":"Apartmani Pula - Miran obiteljski smje\u0161taj Kontakt \/ Rezervacije - Apartmani Manuela - Pula","og_description":"Otkrijte na\u0161e apartmane Pula idealne za obitelji s djecom. Mirna lokacija, prostrane terase i ljubazni doma\u0107ini. Provjerite dostupnost","og_url":"https:\/\/apartmani-manuela-smokovic-pula.hr\/index.php\/kontakt-rezervacije\/","og_site_name":"Apartmani Manuela - Pula","article_modified_time":"2026-01-26T20:22:29+00:00","og_image":[{"width":2560,"height":1920,"url":"https:\/\/apartmani-manuela-smokovic-pula.hr\/wp-content\/uploads\/2025\/12\/22-scaled.jpg","type":"image\/jpeg"}],"twitter_card":"summary_large_image","twitter_misc":{"Est. reading time":"1 minute"},"schema":{"@context":"https:\/\/schema.org","@graph":[{"@type":"WebPage","@id":"https:\/\/apartmani-manuela-smokovic-pula.hr\/index.php\/kontakt-rezervacije\/","url":"https:\/\/apartmani-manuela-smokovic-pula.hr\/index.php\/kontakt-rezervacije\/","name":"Apartmani Pula - Miran obiteljski smje\u0161taj Kontakt \/ Rezervacije - Apartmani Manuela - Pula","isPartOf":{"@id":"https:\/\/apartmani-manuela-smokovic-pula.hr\/#website"},"primaryImageOfPage":{"@id":"https:\/\/apartmani-manuela-smokovic-pula.hr\/index.php\/kontakt-rezervacije\/#primaryimage"},"image":{"@id":"https:\/\/apartmani-manuela-smokovic-pula.hr\/index.php\/kontakt-rezervacije\/#primaryimage"},"thumbnailUrl":"https:\/\/apartmani-manuela-smokovic-pula.hr\/wp-content\/uploads\/2025\/12\/22-1024x768.jpg","datePublished":"2025-12-07T19:27:31+00:00","dateModified":"2026-01-26T20:22:29+00:00","description":"Otkrijte na\u0161e apartmane Pula idealne za obitelji s djecom. Mirna lokacija, prostrane terase i ljubazni doma\u0107ini. Provjerite dostupnost","breadcrumb":{"@id":"https:\/\/apartmani-manuela-smokovic-pula.hr\/index.php\/kontakt-rezervacije\/#breadcrumb"},"inLanguage":"en-US","potentialAction":[{"@type":"ReadAction","target":["https:\/\/apartmani-manuela-smokovic-pula.hr\/index.php\/kontakt-rezervacije\/"]}]},{"@type":"ImageObject","inLanguage":"en-US","@id":"https:\/\/apartmani-manuela-smokovic-pula.hr\/index.php\/kontakt-rezervacije\/#primaryimage","url":"https:\/\/apartmani-manuela-smokovic-pula.hr\/wp-content\/uploads\/2025\/12\/22-scaled.jpg","contentUrl":"https:\/\/apartmani-manuela-smokovic-pula.hr\/wp-content\/uploads\/2025\/12\/22-scaled.jpg","width":2560,"height":1920,"caption":"House with Manuela Apartments Pula, private accommodation in Pula"},{"@type":"BreadcrumbList","@id":"https:\/\/apartmani-manuela-smokovic-pula.hr\/index.php\/kontakt-rezervacije\/#breadcrumb","itemListElement":[{"@type":"ListItem","position":1,"name":"Home","item":"https:\/\/apartmani-manuela-smokovic-pula.hr\/"},{"@type":"ListItem","position":2,"name":"Kontakt \/ Rezervacije"}]},{"@type":"WebSite","@id":"https:\/\/apartmani-manuela-smokovic-pula.hr\/#website","url":"https:\/\/apartmani-manuela-smokovic-pula.hr\/","name":"Apartmani Manuela - Pula","description":"","publisher":{"@id":"https:\/\/apartmani-manuela-smokovic-pula.hr\/#organization"},"potentialAction":[{"@type":"SearchAction","target":{"@type":"EntryPoint","urlTemplate":"https:\/\/apartmani-manuela-smokovic-pula.hr\/?s={search_term_string}"},"query-input":{"@type":"PropertyValueSpecification","valueRequired":true,"valueName":"search_term_string"}}],"inLanguage":"en-US"},{"@type":"Organization","@id":"https:\/\/apartmani-manuela-smokovic-pula.hr\/#organization","name":"Apartmani Manuela - Pula","url":"https:\/\/apartmani-manuela-smokovic-pula.hr\/","logo":{"@type":"ImageObject","inLanguage":"en-US","@id":"https:\/\/apartmani-manuela-smokovic-pula.hr\/#\/schema\/logo\/image\/","url":"https:\/\/apartmani-manuela-smokovic-pula.hr\/wp-content\/uploads\/2025\/12\/f2c7d247-62c6-40f7-a541-92e7af8d61c4.png","contentUrl":"https:\/\/apartmani-manuela-smokovic-pula.hr\/wp-content\/uploads\/2025\/12\/f2c7d247-62c6-40f7-a541-92e7af8d61c4.png","width":1024,"height":1024,"caption":"Apartmani Manuela - Pula"},"image":{"@id":"https:\/\/apartmani-manuela-smokovic-pula.hr\/#\/schema\/logo\/image\/"}}]}},"jetpack_sharing_enabled":true,"_links":{"self":[{"href":"https:\/\/apartmani-manuela-smokovic-pula.hr\/index.php\/wp-json\/wp\/v2\/pages\/42","targetHints":{"allow":["GET"]}}],"collection":[{"href":"https:\/\/apartmani-manuela-smokovic-pula.hr\/index.php\/wp-json\/wp\/v2\/pages"}],"about":[{"href":"https:\/\/apartmani-manuela-smokovic-pula.hr\/index.php\/wp-json\/wp\/v2\/types\/page"}],"author":[{"embeddable":true,"href":"https:\/\/apartmani-manuela-smokovic-pula.hr\/index.php\/wp-json\/wp\/v2\/users\/1"}],"replies":[{"embeddable":true,"href":"https:\/\/apartmani-manuela-smokovic-pula.hr\/index.php\/wp-json\/wp\/v2\/comments?post=42"}],"version-history":[{"count":19,"href":"https:\/\/apartmani-manuela-smokovic-pula.hr\/index.php\/wp-json\/wp\/v2\/pages\/42\/revisions"}],"predecessor-version":[{"id":217,"href":"https:\/\/apartmani-manuela-smokovic-pula.hr\/index.php\/wp-json\/wp\/v2\/pages\/42\/revisions\/217"}],"wp:attachment":[{"href":"https:\/\/apartmani-manuela-smokovic-pula.hr\/index.php\/wp-json\/wp\/v2\/media?parent=42"}],"curies":[{"name":"wp","href":"https:\/\/api.w.org\/{rel}","templated":true}]}}