{"id":40,"date":"2025-12-07T19:27:11","date_gmt":"2025-12-07T19:27:11","guid":{"rendered":"https:\/\/apartmani-manuela-smokovic-pula.hr\/?page_id=40"},"modified":"2026-01-26T20:24:19","modified_gmt":"2026-01-26T20:24:19","slug":"lokacija","status":"publish","type":"page","link":"https:\/\/apartmani-manuela-smokovic-pula.hr\/index.php\/lokacija\/","title":{"rendered":"Lokacija"},"content":{"rendered":"\n<p class=\"has-text-align-center\">Apartmani Manuela nalaze se u Puli, na mirnoj lokaciji s dobrom povezano\u0161\u0107u prema centru grada i pla\u017eama<\/p>\n\n\n\n<p class=\"has-text-align-center\">Adresa : Paduljski put 43, Pula<\/p>\n\n\n\n<iframe src=\"https:\/\/www.google.com\/maps\/embed?pb=!1m18!1m12!1m3!1d2826.533053655713!2d13.838116076167832!3d44.89215077142477!2m3!1f0!2f0!3f0!3m2!1i1024!2i768!4f13.1!3m3!1m2!1s0x477cd28b8ffadc63%3A0x4d3b7000a4a90d90!2sPaduljski%20put%2043%2C%2052100%2C%20Pula!5e0!3m2!1shr!2shr!4v1766947375400!5m2!1shr!2shr\" width=\"600\" height=\"450\" style=\"max-width: 600px; width: 100%; border:0;;\" allowfullscreen=\"\" loading=\"lazy\" referrerpolicy=\"no-referrer-when-downgrade\"><\/iframe>\n\n\n\n<div style=\"height:43px\" aria-hidden=\"true\" class=\"wp-block-spacer\"><\/div>\n\n\n\n<h2 class=\"wp-block-heading has-text-align-center\">Udaljenosti<\/h2>\n\n\n\n<p class=\"has-text-align-center\">Centar \/ Stari grad: 3 km ( 5min )<\/p>\n\n\n\n<p class=\"has-text-align-center\">Najbli\u017ea pla\u017ea: 3 km ( 5min )<\/p>\n\n\n\n<p class=\"has-text-align-center\">Arena Pula: 2,5 km ( 5min )<\/p>\n\n\n\n<p class=\"has-text-align-center\">Zra\u010dna luka Pula: 8 km ( 10min )<\/p>\n\n\n\n<p class=\"has-text-align-center\">Autobusni kolodvor: 3 km ( 6 min )<\/p>\n\n\n\n<h2 class=\"wp-block-heading has-text-align-center\"><\/h2>\n\n\n\n<div class=\"wp-block-buttons is-content-justification-center is-layout-flex wp-container-core-buttons-is-layout-a89b3969 wp-block-buttons-is-layout-flex\">\n<div class=\"wp-block-button\"><a class=\"wp-block-button__link wp-element-button\" href=\"https:\/\/apartmani-manuela-smokovic-pula.hr\/index.php\/kontakt-rezervacije\/\">Nazovite nas<\/a><\/div>\n<\/div>\n","protected":false},"excerpt":{"rendered":"<p>Apartmani Manuela nalaze se u Puli, na mirnoj lokaciji s dobrom povezano\u0161\u0107u prema centru grada i pla\u017eama Adresa : Paduljski put 43, Pula Udaljenosti Centar \/ Stari grad: 3 km ( 5min ) Najbli\u017ea pla\u017ea: 3 km ( 5min ) Arena Pula: 2,5 km ( 5min ) Zra\u010dna luka Pula: 8 km ( 10min ) [&hellip;]<\/p>\n","protected":false},"author":1,"featured_media":0,"parent":0,"menu_order":0,"comment_status":"closed","ping_status":"closed","template":"","meta":{"footnotes":""},"class_list":["post-40","page","type-page","status-publish","hentry"],"yoast_head":"<!-- This site is optimized with the Yoast SEO plugin v27.1.1 - https:\/\/yoast.com\/product\/yoast-seo-wordpress\/ -->\n<title>Apartmani Pula s klimom i parkingom | Apartmani ManuelaLokacija - Apartmani Manuela - Pula<\/title>\n<meta name=\"description\" content=\"Moderni apartmani Pula s potpuno opremljenom kuhinjom i besplatnim internetom. U\u017eivajte u privatnosti i udobnosti na\u0161eg smje\u0161taja.\" \/>\n<meta name=\"robots\" content=\"index, follow, max-snippet:-1, max-image-preview:large, max-video-preview:-1\" \/>\n<link rel=\"canonical\" href=\"https:\/\/apartmani-manuela-smokovic-pula.hr\/index.php\/lokacija\/\" \/>\n<meta property=\"og:locale\" content=\"en_US\" \/>\n<meta property=\"og:type\" content=\"article\" \/>\n<meta property=\"og:title\" content=\"Apartmani Pula s klimom i parkingom | Apartmani ManuelaLokacija - Apartmani Manuela - Pula\" \/>\n<meta property=\"og:description\" content=\"Moderni apartmani Pula s potpuno opremljenom kuhinjom i besplatnim internetom. U\u017eivajte u privatnosti i udobnosti na\u0161eg smje\u0161taja.\" \/>\n<meta property=\"og:url\" content=\"https:\/\/apartmani-manuela-smokovic-pula.hr\/index.php\/lokacija\/\" \/>\n<meta property=\"og:site_name\" content=\"Apartmani Manuela - Pula\" \/>\n<meta property=\"article:modified_time\" content=\"2026-01-26T20:24:19+00:00\" \/>\n<meta name=\"twitter:card\" content=\"summary_large_image\" \/>\n<meta name=\"twitter:label1\" content=\"Est. reading time\" \/>\n\t<meta name=\"twitter:data1\" content=\"1 minute\" \/>\n<script type=\"application\/ld+json\" class=\"yoast-schema-graph\">{\"@context\":\"https:\/\/schema.org\",\"@graph\":[{\"@type\":\"WebPage\",\"@id\":\"https:\/\/apartmani-manuela-smokovic-pula.hr\/index.php\/lokacija\/\",\"url\":\"https:\/\/apartmani-manuela-smokovic-pula.hr\/index.php\/lokacija\/\",\"name\":\"Apartmani Pula s klimom i parkingom | Apartmani ManuelaLokacija - Apartmani Manuela - Pula\",\"isPartOf\":{\"@id\":\"https:\/\/apartmani-manuela-smokovic-pula.hr\/#website\"},\"datePublished\":\"2025-12-07T19:27:11+00:00\",\"dateModified\":\"2026-01-26T20:24:19+00:00\",\"description\":\"Moderni apartmani Pula s potpuno opremljenom kuhinjom i besplatnim internetom. U\u017eivajte u privatnosti i udobnosti na\u0161eg smje\u0161taja.\",\"breadcrumb\":{\"@id\":\"https:\/\/apartmani-manuela-smokovic-pula.hr\/index.php\/lokacija\/#breadcrumb\"},\"inLanguage\":\"en-US\",\"potentialAction\":[{\"@type\":\"ReadAction\",\"target\":[\"https:\/\/apartmani-manuela-smokovic-pula.hr\/index.php\/lokacija\/\"]}]},{\"@type\":\"BreadcrumbList\",\"@id\":\"https:\/\/apartmani-manuela-smokovic-pula.hr\/index.php\/lokacija\/#breadcrumb\",\"itemListElement\":[{\"@type\":\"ListItem\",\"position\":1,\"name\":\"Home\",\"item\":\"https:\/\/apartmani-manuela-smokovic-pula.hr\/\"},{\"@type\":\"ListItem\",\"position\":2,\"name\":\"Lokacija\"}]},{\"@type\":\"WebSite\",\"@id\":\"https:\/\/apartmani-manuela-smokovic-pula.hr\/#website\",\"url\":\"https:\/\/apartmani-manuela-smokovic-pula.hr\/\",\"name\":\"Apartmani Manuela - Pula\",\"description\":\"\",\"publisher\":{\"@id\":\"https:\/\/apartmani-manuela-smokovic-pula.hr\/#organization\"},\"potentialAction\":[{\"@type\":\"SearchAction\",\"target\":{\"@type\":\"EntryPoint\",\"urlTemplate\":\"https:\/\/apartmani-manuela-smokovic-pula.hr\/?s={search_term_string}\"},\"query-input\":{\"@type\":\"PropertyValueSpecification\",\"valueRequired\":true,\"valueName\":\"search_term_string\"}}],\"inLanguage\":\"en-US\"},{\"@type\":\"Organization\",\"@id\":\"https:\/\/apartmani-manuela-smokovic-pula.hr\/#organization\",\"name\":\"Apartmani Manuela - Pula\",\"url\":\"https:\/\/apartmani-manuela-smokovic-pula.hr\/\",\"logo\":{\"@type\":\"ImageObject\",\"inLanguage\":\"en-US\",\"@id\":\"https:\/\/apartmani-manuela-smokovic-pula.hr\/#\/schema\/logo\/image\/\",\"url\":\"https:\/\/apartmani-manuela-smokovic-pula.hr\/wp-content\/uploads\/2025\/12\/f2c7d247-62c6-40f7-a541-92e7af8d61c4.png\",\"contentUrl\":\"https:\/\/apartmani-manuela-smokovic-pula.hr\/wp-content\/uploads\/2025\/12\/f2c7d247-62c6-40f7-a541-92e7af8d61c4.png\",\"width\":1024,\"height\":1024,\"caption\":\"Apartmani Manuela - Pula\"},\"image\":{\"@id\":\"https:\/\/apartmani-manuela-smokovic-pula.hr\/#\/schema\/logo\/image\/\"}}]}<\/script>\n<!-- \/ Yoast SEO plugin. -->","yoast_head_json":{"title":"Apartmani Pula s klimom i parkingom | Apartmani ManuelaLokacija - Apartmani Manuela - Pula","description":"Moderni apartmani Pula s potpuno opremljenom kuhinjom i besplatnim internetom. U\u017eivajte u privatnosti i udobnosti na\u0161eg smje\u0161taja.","robots":{"index":"index","follow":"follow","max-snippet":"max-snippet:-1","max-image-preview":"max-image-preview:large","max-video-preview":"max-video-preview:-1"},"canonical":"https:\/\/apartmani-manuela-smokovic-pula.hr\/index.php\/lokacija\/","og_locale":"en_US","og_type":"article","og_title":"Apartmani Pula s klimom i parkingom | Apartmani ManuelaLokacija - Apartmani Manuela - Pula","og_description":"Moderni apartmani Pula s potpuno opremljenom kuhinjom i besplatnim internetom. U\u017eivajte u privatnosti i udobnosti na\u0161eg smje\u0161taja.","og_url":"https:\/\/apartmani-manuela-smokovic-pula.hr\/index.php\/lokacija\/","og_site_name":"Apartmani Manuela - Pula","article_modified_time":"2026-01-26T20:24:19+00:00","twitter_card":"summary_large_image","twitter_misc":{"Est. reading time":"1 minute"},"schema":{"@context":"https:\/\/schema.org","@graph":[{"@type":"WebPage","@id":"https:\/\/apartmani-manuela-smokovic-pula.hr\/index.php\/lokacija\/","url":"https:\/\/apartmani-manuela-smokovic-pula.hr\/index.php\/lokacija\/","name":"Apartmani Pula s klimom i parkingom | Apartmani ManuelaLokacija - Apartmani Manuela - Pula","isPartOf":{"@id":"https:\/\/apartmani-manuela-smokovic-pula.hr\/#website"},"datePublished":"2025-12-07T19:27:11+00:00","dateModified":"2026-01-26T20:24:19+00:00","description":"Moderni apartmani Pula s potpuno opremljenom kuhinjom i besplatnim internetom. U\u017eivajte u privatnosti i udobnosti na\u0161eg smje\u0161taja.","breadcrumb":{"@id":"https:\/\/apartmani-manuela-smokovic-pula.hr\/index.php\/lokacija\/#breadcrumb"},"inLanguage":"en-US","potentialAction":[{"@type":"ReadAction","target":["https:\/\/apartmani-manuela-smokovic-pula.hr\/index.php\/lokacija\/"]}]},{"@type":"BreadcrumbList","@id":"https:\/\/apartmani-manuela-smokovic-pula.hr\/index.php\/lokacija\/#breadcrumb","itemListElement":[{"@type":"ListItem","position":1,"name":"Home","item":"https:\/\/apartmani-manuela-smokovic-pula.hr\/"},{"@type":"ListItem","position":2,"name":"Lokacija"}]},{"@type":"WebSite","@id":"https:\/\/apartmani-manuela-smokovic-pula.hr\/#website","url":"https:\/\/apartmani-manuela-smokovic-pula.hr\/","name":"Apartmani Manuela - Pula","description":"","publisher":{"@id":"https:\/\/apartmani-manuela-smokovic-pula.hr\/#organization"},"potentialAction":[{"@type":"SearchAction","target":{"@type":"EntryPoint","urlTemplate":"https:\/\/apartmani-manuela-smokovic-pula.hr\/?s={search_term_string}"},"query-input":{"@type":"PropertyValueSpecification","valueRequired":true,"valueName":"search_term_string"}}],"inLanguage":"en-US"},{"@type":"Organization","@id":"https:\/\/apartmani-manuela-smokovic-pula.hr\/#organization","name":"Apartmani Manuela - Pula","url":"https:\/\/apartmani-manuela-smokovic-pula.hr\/","logo":{"@type":"ImageObject","inLanguage":"en-US","@id":"https:\/\/apartmani-manuela-smokovic-pula.hr\/#\/schema\/logo\/image\/","url":"https:\/\/apartmani-manuela-smokovic-pula.hr\/wp-content\/uploads\/2025\/12\/f2c7d247-62c6-40f7-a541-92e7af8d61c4.png","contentUrl":"https:\/\/apartmani-manuela-smokovic-pula.hr\/wp-content\/uploads\/2025\/12\/f2c7d247-62c6-40f7-a541-92e7af8d61c4.png","width":1024,"height":1024,"caption":"Apartmani Manuela - Pula"},"image":{"@id":"https:\/\/apartmani-manuela-smokovic-pula.hr\/#\/schema\/logo\/image\/"}}]}},"jetpack_sharing_enabled":true,"_links":{"self":[{"href":"https:\/\/apartmani-manuela-smokovic-pula.hr\/index.php\/wp-json\/wp\/v2\/pages\/40","targetHints":{"allow":["GET"]}}],"collection":[{"href":"https:\/\/apartmani-manuela-smokovic-pula.hr\/index.php\/wp-json\/wp\/v2\/pages"}],"about":[{"href":"https:\/\/apartmani-manuela-smokovic-pula.hr\/index.php\/wp-json\/wp\/v2\/types\/page"}],"author":[{"embeddable":true,"href":"https:\/\/apartmani-manuela-smokovic-pula.hr\/index.php\/wp-json\/wp\/v2\/users\/1"}],"replies":[{"embeddable":true,"href":"https:\/\/apartmani-manuela-smokovic-pula.hr\/index.php\/wp-json\/wp\/v2\/comments?post=40"}],"version-history":[{"count":14,"href":"https:\/\/apartmani-manuela-smokovic-pula.hr\/index.php\/wp-json\/wp\/v2\/pages\/40\/revisions"}],"predecessor-version":[{"id":215,"href":"https:\/\/apartmani-manuela-smokovic-pula.hr\/index.php\/wp-json\/wp\/v2\/pages\/40\/revisions\/215"}],"wp:attachment":[{"href":"https:\/\/apartmani-manuela-smokovic-pula.hr\/index.php\/wp-json\/wp\/v2\/media?parent=40"}],"curies":[{"name":"wp","href":"https:\/\/api.w.org\/{rel}","templated":true}]}}